{"id":2679,"date":"2022-03-09T12:18:54","date_gmt":"2022-03-09T12:18:54","guid":{"rendered":"https:\/\/demos.pokatheme.com\/pokatheme\/?page_id=2679"},"modified":"2025-05-19T18:29:48","modified_gmt":"2025-05-19T18:29:48","slug":"o%d1%82%d0%ba%d0%b0%d0%b7-%d0%be%d1%82-%d0%be%d1%82%d0%b2%d0%b5%d1%82%d1%81%d1%82%d0%b2%d0%b5%d0%bd%d0%bd%d0%be%d1%81%d1%82%d0%b8","status":"publish","type":"page","link":"https:\/\/casinoroyale.ee\/ru\/o%d1%82%d0%ba%d0%b0%d0%b7-%d0%be%d1%82-%d0%be%d1%82%d0%b2%d0%b5%d1%82%d1%81%d1%82%d0%b2%d0%b5%d0%bd%d0%bd%d0%be%d1%81%d1%82%d0%b8\/","title":{"rendered":"\u041e\u0442\u043a\u0430\u0437 \u043e\u0442 \u043e\u0442\u0432\u0435\u0442\u0441\u0442\u0432\u0435\u043d\u043d\u043e\u0441\u0442\u0438"},"content":{"rendered":"<h1>\u041e\u0442\u043a\u0430\u0437 \u043e\u0442 \u043e\u0442\u0432\u0435\u0442\u0441\u0442\u0432\u0435\u043d\u043d\u043e\u0441\u0442\u0438 | CasinoRoyale.ee<\/h1>\n\n    <h2>\u041e\u0431\u0449\u0430\u044f \u0438\u043d\u0444\u043e\u0440\u043c\u0430\u0446\u0438\u044f<\/h2>\n    <p>CasinoRoyale.ee - \u044d\u0442\u043e \u043e\u043d\u043b\u0430\u0439\u043d-\u0441\u0430\u0439\u0442, \u043f\u0440\u0435\u0434\u043e\u0441\u0442\u0430\u0432\u043b\u044f\u044e\u0449\u0438\u0439 \u0438\u043d\u0444\u043e\u0440\u043c\u0430\u0446\u0438\u044e, \u043e\u0431\u0437\u043e\u0440\u044b \u0438 \u0440\u0435\u0444\u0435\u0440\u0430\u043b\u044c\u043d\u044b\u0435 \u0441\u0441\u044b\u043b\u043a\u0438 \u043d\u0430 \u0441\u0442\u043e\u0440\u043e\u043d\u043d\u0438\u0435 \u043f\u043b\u0430\u0442\u0444\u043e\u0440\u043c\u044b \u043e\u043d\u043b\u0430\u0439\u043d-\u043a\u0430\u0437\u0438\u043d\u043e, \u0440\u0430\u0431\u043e\u0442\u0430\u044e\u0449\u0438\u0435 \u0432 \u042d\u0441\u0442\u043e\u043d\u0438\u0438. \u041c\u044b \u043d\u0435 \u044f\u0432\u043b\u044f\u0435\u043c\u0441\u044f \u043e\u043f\u0435\u0440\u0430\u0442\u043e\u0440\u043e\u043c \u0430\u0437\u0430\u0440\u0442\u043d\u044b\u0445 \u0438\u0433\u0440 \u0438 \u0441\u0430\u043c\u0438 \u043d\u0435 \u043f\u0440\u0435\u0434\u043e\u0441\u0442\u0430\u0432\u043b\u044f\u0435\u043c \u0443\u0441\u043b\u0443\u0433\u0438 \u0430\u0437\u0430\u0440\u0442\u043d\u044b\u0445 \u0438\u0433\u0440. \u0412\u0441\u0435 \u043c\u0430\u0442\u0435\u0440\u0438\u0430\u043b\u044b \u043d\u0430 \u044d\u0442\u043e\u043c \u0441\u0430\u0439\u0442\u0435 \u043f\u0440\u0435\u0434\u043d\u0430\u0437\u043d\u0430\u0447\u0435\u043d\u044b \u0442\u043e\u043b\u044c\u043a\u043e \u0434\u043b\u044f \u0438\u043d\u0444\u043e\u0440\u043c\u0430\u0446\u0438\u043e\u043d\u043d\u044b\u0445 \u0438 \u0440\u0430\u0437\u0432\u043b\u0435\u043a\u0430\u0442\u0435\u043b\u044c\u043d\u044b\u0445 \u0446\u0435\u043b\u0435\u0439 \u0438 \u043d\u0435 \u044f\u0432\u043b\u044f\u044e\u0442\u0441\u044f \u043f\u0440\u043e\u0444\u0435\u0441\u0441\u0438\u043e\u043d\u0430\u043b\u044c\u043d\u044b\u043c\u0438 \u0444\u0438\u043d\u0430\u043d\u0441\u043e\u0432\u044b\u043c\u0438 \u0438\u043b\u0438 \u0438\u0433\u043e\u0440\u043d\u044b\u043c\u0438 \u0441\u043e\u0432\u0435\u0442\u0430\u043c\u0438.<\/p>\n\n    <h2>\u0420\u0430\u0441\u043a\u0440\u044b\u0442\u0438\u0435 \u0438\u043d\u0444\u043e\u0440\u043c\u0430\u0446\u0438\u0438 \u043e \u043f\u0440\u0430\u0437\u0434\u043d\u0438\u0447\u043d\u043e\u043c \u043c\u0430\u0440\u043a\u0435\u0442\u0438\u043d\u0433\u0435<\/h2>\n    <p>CasinoRoyale.ee \u0443\u0447\u0430\u0441\u0442\u0432\u0443\u0435\u0442 \u0432 \u043f\u0440\u043e\u0433\u0440\u0430\u043c\u043c\u0430\u0445 \u043e\u043d\u043b\u0430\u0439\u043d-\u043c\u0430\u0440\u043a\u0435\u0442\u0438\u043d\u0433\u0430. \u042d\u0442\u043e \u043e\u0437\u043d\u0430\u0447\u0430\u0435\u0442, \u0447\u0442\u043e \u043c\u044b \u043c\u043e\u0436\u0435\u043c \u043f\u043e\u043b\u0443\u0447\u0430\u0442\u044c \u043a\u043e\u043c\u0438\u0441\u0441\u0438\u043e\u043d\u043d\u044b\u0435, \u043a\u043e\u0433\u0434\u0430 \u0432\u044b \u043f\u0435\u0440\u0435\u0445\u043e\u0434\u0438\u0442\u0435 \u043f\u043e \u043d\u0430\u0448\u0438\u043c \u0440\u0435\u0444\u0435\u0440\u0430\u043b\u044c\u043d\u044b\u043c \u0441\u0441\u044b\u043b\u043a\u0430\u043c \u0438 \u0432\u0437\u0430\u0438\u043c\u043e\u0434\u0435\u0439\u0441\u0442\u0432\u0443\u0435\u0442\u0435 \u0441 \u0440\u0435\u043a\u043e\u043c\u0435\u043d\u0434\u0443\u0435\u043c\u044b\u043c\u0438 \u043f\u043b\u0430\u0442\u0444\u043e\u0440\u043c\u0430\u043c\u0438 \u043e\u043d\u043b\u0430\u0439\u043d-\u043a\u0430\u0437\u0438\u043d\u043e (\u043d\u0430\u043f\u0440\u0438\u043c\u0435\u0440, \u0440\u0435\u0433\u0438\u0441\u0442\u0440\u0438\u0440\u0443\u0435\u0442\u0435\u0441\u044c, \u0432\u043d\u043e\u0441\u0438\u0442\u0435 \u0434\u0435\u043d\u044c\u0433\u0438 \u0438\u043b\u0438 \u0434\u0435\u043b\u0430\u0435\u0442\u0435 \u0441\u0442\u0430\u0432\u043a\u0438). \u0422\u0430\u043a\u0438\u0435 \u043f\u0430\u0440\u0442\u043d\u0435\u0440\u0441\u043a\u0438\u0435 \u043e\u0442\u043d\u043e\u0448\u0435\u043d\u0438\u044f \u043d\u0435 \u0443\u0432\u0435\u043b\u0438\u0447\u0438\u0432\u0430\u044e\u0442 \u0432\u0430\u0448\u0438 \u0440\u0430\u0441\u0445\u043e\u0434\u044b, \u043d\u043e \u043c\u043e\u0433\u0443\u0442 \u043f\u043e\u0432\u043b\u0438\u044f\u0442\u044c \u043d\u0430 \u043d\u0430\u0448 \u043a\u043e\u043d\u0442\u0435\u043d\u0442, \u0440\u0435\u043a\u043e\u043c\u0435\u043d\u0434\u0430\u0446\u0438\u0438 \u0438\u043b\u0438 \u0440\u0435\u0439\u0442\u0438\u043d\u0433 \u043f\u043b\u0430\u0442\u0444\u043e\u0440\u043c. \u041c\u044b \u0441\u0442\u0440\u0435\u043c\u0438\u043c\u0441\u044f \u043e\u0441\u0442\u0430\u0432\u0430\u0442\u044c\u0441\u044f \u043f\u0440\u043e\u0437\u0440\u0430\u0447\u043d\u044b\u043c\u0438, \u043f\u0440\u0435\u0434\u043e\u0441\u0442\u0430\u0432\u043b\u044f\u044f \u0446\u0435\u043d\u043d\u044b\u0435 \u0441\u0432\u0435\u0434\u0435\u043d\u0438\u044f \u043d\u0430\u0448\u0438\u043c \u043f\u043e\u043b\u044c\u0437\u043e\u0432\u0430\u0442\u0435\u043b\u044f\u043c.<\/p>\n\n    <h2>\u0418\u0441\u043f\u043e\u043b\u044c\u0437\u043e\u0432\u0430\u043d\u0438\u0435 \u0438\u0441\u043a\u0443\u0441\u0441\u0442\u0432\u0435\u043d\u043d\u043e\u0433\u043e \u0438\u043d\u0442\u0435\u043b\u043b\u0435\u043a\u0442\u0430 \u043f\u0440\u0438 \u0441\u043e\u0437\u0434\u0430\u043d\u0438\u0438 \u043a\u043e\u043d\u0442\u0435\u043d\u0442\u0430<\/h2>\n    <p>\u0412 \u0446\u0435\u043b\u044f\u0445 \u043f\u043e\u0432\u044b\u0448\u0435\u043d\u0438\u044f \u043a\u0430\u0447\u0435\u0441\u0442\u0432\u0430 \u0438 \u044d\u0444\u0444\u0435\u043a\u0442\u0438\u0432\u043d\u043e\u0441\u0442\u0438 \u043d\u0430\u0448\u0435\u0433\u043e \u043a\u043e\u043d\u0442\u0435\u043d\u0442\u0430 CasinoRoyale.ee \u043c\u043e\u0436\u0435\u0442 \u0438\u0441\u043f\u043e\u043b\u044c\u0437\u043e\u0432\u0430\u0442\u044c \u0438\u043d\u0441\u0442\u0440\u0443\u043c\u0435\u043d\u0442\u044b \u0438\u0441\u043a\u0443\u0441\u0441\u0442\u0432\u0435\u043d\u043d\u043e\u0433\u043e \u0438\u043d\u0442\u0435\u043b\u043b\u0435\u043a\u0442\u0430 (\u0418\u0418) \u0434\u043b\u044f \u0441\u043e\u0437\u0434\u0430\u043d\u0438\u044f \u0442\u0430\u043a\u0438\u0445 \u043c\u0430\u0442\u0435\u0440\u0438\u0430\u043b\u043e\u0432, \u043a\u0430\u043a \u0441\u0442\u0430\u0442\u044c\u0438, \u043e\u0431\u0437\u043e\u0440\u044b \u043a\u0430\u0437\u0438\u043d\u043e \u0438\u043b\u0438 \u0441\u0432\u043e\u0434\u043a\u0438 \u0434\u0430\u043d\u043d\u044b\u0445. \u0412\u0435\u0441\u044c \u043a\u043e\u043d\u0442\u0435\u043d\u0442 \u0434\u043e\u043b\u0436\u0435\u043d \u0431\u044b\u0442\u044c \u0438\u043d\u0444\u043e\u0440\u043c\u0430\u0442\u0438\u0432\u043d\u044b\u043c, \u0442\u043e\u0447\u043d\u044b\u043c \u0438 \u0430\u043a\u0442\u0443\u0430\u043b\u044c\u043d\u044b\u043c. \u041d\u0430\u0448\u0430 \u043a\u043e\u043c\u0430\u043d\u0434\u0430 \u0440\u0435\u0434\u0430\u043a\u0442\u043e\u0440\u043e\u0432-\u043b\u044e\u0434\u0435\u0439 \u043f\u0440\u043e\u0432\u0435\u0440\u044f\u0435\u0442 \u0438 \u0434\u043e\u0440\u0430\u0431\u0430\u0442\u044b\u0432\u0430\u0435\u0442 \u043a\u043e\u043d\u0442\u0435\u043d\u0442, \u0441\u043e\u0437\u0434\u0430\u043d\u043d\u044b\u0439 \u0438\u0441\u043a\u0443\u0441\u0441\u0442\u0432\u0435\u043d\u043d\u044b\u043c \u0438\u043d\u0442\u0435\u043b\u043b\u0435\u043a\u0442\u043e\u043c, \u0447\u0442\u043e\u0431\u044b \u0443\u0431\u0435\u0434\u0438\u0442\u044c\u0441\u044f, \u0447\u0442\u043e \u043e\u043d \u0441\u043e\u043e\u0442\u0432\u0435\u0442\u0441\u0442\u0432\u0443\u0435\u0442 \u043d\u0430\u0448\u0438\u043c \u0441\u0442\u0430\u043d\u0434\u0430\u0440\u0442\u0430\u043c \u0434\u043e\u0441\u0442\u043e\u0432\u0435\u0440\u043d\u043e\u0441\u0442\u0438 \u0438 \u043f\u043e\u043b\u0435\u0437\u043d\u043e\u0441\u0442\u0438 \u0434\u043b\u044f \u043d\u0430\u0448\u0435\u0439 \u0430\u0443\u0434\u0438\u0442\u043e\u0440\u0438\u0438.<\/p>\n\n    <h2>\u0422\u043e\u0447\u043d\u043e\u0441\u0442\u044c \u0438\u043d\u0444\u043e\u0440\u043c\u0430\u0446\u0438\u0438<\/h2>\n    <p>\u041c\u044b \u0441\u0442\u0430\u0440\u0430\u0435\u043c\u0441\u044f \u043f\u043e\u0434\u0434\u0435\u0440\u0436\u0438\u0432\u0430\u0442\u044c \u0438\u043d\u0444\u043e\u0440\u043c\u0430\u0446\u0438\u044e \u043d\u0430 CasinoRoyale.ee \u0432 \u0442\u043e\u0447\u043d\u043e\u043c \u0438 \u0430\u043a\u0442\u0443\u0430\u043b\u044c\u043d\u043e\u043c \u0441\u043e\u0441\u0442\u043e\u044f\u043d\u0438\u0438. \u041e\u0434\u043d\u0430\u043a\u043e \u0438\u043d\u0434\u0443\u0441\u0442\u0440\u0438\u044f \u043e\u043d\u043b\u0430\u0439\u043d-\u0433\u0435\u043c\u0431\u043b\u0438\u043d\u0433\u0430, \u0432\u043a\u043b\u044e\u0447\u0430\u044f \u043f\u0440\u0430\u0432\u0438\u043b\u0430 \u0438 \u043f\u0440\u0435\u0434\u043b\u043e\u0436\u0435\u043d\u0438\u044f \u043a\u0430\u0437\u0438\u043d\u043e, \u0431\u044b\u0441\u0442\u0440\u043e \u043c\u0435\u043d\u044f\u0435\u0442\u0441\u044f. \u041c\u044b \u043d\u0435 \u043c\u043e\u0436\u0435\u043c \u0433\u0430\u0440\u0430\u043d\u0442\u0438\u0440\u043e\u0432\u0430\u0442\u044c \u043f\u043e\u043b\u043d\u043e\u0442\u0443 \u0438 \u0442\u043e\u0447\u043d\u043e\u0441\u0442\u044c \u043a\u0430\u0436\u0434\u043e\u0439 \u0434\u0435\u0442\u0430\u043b\u0438. \u041f\u043e\u043b\u044c\u0437\u043e\u0432\u0430\u0442\u0435\u043b\u0438 \u0434\u043e\u043b\u0436\u043d\u044b \u0441\u0430\u043c\u043e\u0441\u0442\u043e\u044f\u0442\u0435\u043b\u044c\u043d\u043e \u043f\u0440\u043e\u0432\u0435\u0440\u044f\u0442\u044c \u0438\u043d\u0444\u043e\u0440\u043c\u0430\u0446\u0438\u044e \u043f\u0435\u0440\u0435\u0434 \u043f\u0440\u0438\u043d\u044f\u0442\u0438\u0435\u043c \u043b\u044e\u0431\u044b\u0445 \u0440\u0435\u0448\u0435\u043d\u0438\u0439, \u043e\u0441\u043e\u0431\u0435\u043d\u043d\u043e \u043a\u0430\u0441\u0430\u044e\u0449\u0438\u0445\u0441\u044f \u0444\u0438\u043d\u0430\u043d\u0441\u043e\u0432\u044b\u0445 \u043e\u043f\u0435\u0440\u0430\u0446\u0438\u0439 \u0438\u043b\u0438 \u0430\u0437\u0430\u0440\u0442\u043d\u044b\u0445 \u0438\u0433\u0440.<\/p>\n\n    <h2>\u0420\u0438\u0441\u043a\u0438 \u0430\u0437\u0430\u0440\u0442\u043d\u044b\u0445 \u0438\u0433\u0440 \u0438 \u043e\u0442\u0432\u0435\u0442\u0441\u0442\u0432\u0435\u043d\u043d\u043e\u0435 \u043e\u0442\u043d\u043e\u0448\u0435\u043d\u0438\u0435 \u043a \u0430\u0437\u0430\u0440\u0442\u043d\u044b\u043c \u0438\u0433\u0440\u0430\u043c<\/h2>\n    <p>\u041e\u043d\u043b\u0430\u0439\u043d-\u0433\u0435\u043c\u0431\u043b\u0438\u043d\u0433 \u0441\u043e\u043f\u0440\u044f\u0436\u0435\u043d \u0441\u043e \u0437\u043d\u0430\u0447\u0438\u0442\u0435\u043b\u044c\u043d\u044b\u043c\u0438 \u0444\u0438\u043d\u0430\u043d\u0441\u043e\u0432\u044b\u043c\u0438 \u0440\u0438\u0441\u043a\u0430\u043c\u0438, \u0432\u043a\u043b\u044e\u0447\u0430\u044f \u0432\u043e\u0437\u043c\u043e\u0436\u043d\u043e\u0441\u0442\u044c \u0432\u043e\u0437\u043d\u0438\u043a\u043d\u043e\u0432\u0435\u043d\u0438\u044f \u0437\u0430\u0432\u0438\u0441\u0438\u043c\u043e\u0441\u0442\u0438. CasinoRoyale.ee \u043d\u0435 \u043f\u0440\u043e\u043f\u0430\u0433\u0430\u043d\u0434\u0438\u0440\u0443\u0435\u0442 \u0430\u0437\u0430\u0440\u0442\u043d\u044b\u0435 \u0438\u0433\u0440\u044b \u0438 \u043d\u0430\u0441\u0442\u043e\u044f\u0442\u0435\u043b\u044c\u043d\u043e \u0440\u0435\u043a\u043e\u043c\u0435\u043d\u0434\u0443\u0435\u0442 \u043e\u0442\u0432\u0435\u0442\u0441\u0442\u0432\u0435\u043d\u043d\u043e \u043e\u0442\u043d\u043e\u0441\u0438\u0442\u044c\u0441\u044f \u043a \u0430\u0437\u0430\u0440\u0442\u043d\u044b\u043c \u0438\u0433\u0440\u0430\u043c. \u0415\u0441\u043b\u0438 \u0432\u044b \u0440\u0435\u0448\u0438\u043b\u0438 \u0441\u044b\u0433\u0440\u0430\u0442\u044c \u0432 \u0430\u0437\u0430\u0440\u0442\u043d\u044b\u0435 \u0438\u0433\u0440\u044b, \u0441\u0442\u0430\u0432\u044c\u0442\u0435 \u0442\u043e\u043b\u044c\u043a\u043e \u0442\u043e, \u0447\u0442\u043e \u043c\u043e\u0436\u0435\u0442\u0435 \u043f\u043e\u0437\u0432\u043e\u043b\u0438\u0442\u044c \u0441\u0435\u0431\u0435 \u043f\u043e\u0442\u0435\u0440\u044f\u0442\u044c, \u0438 \u043f\u043e\u043c\u043d\u0438\u0442\u0435 \u043e \u0440\u0438\u0441\u043a\u0430\u0445.<\/p>\n    <ul>\n        <li><strong>\u042d\u0441\u0442\u043e\u043d\u0438\u044f \u0414\u043b\u044f \u043f\u043e\u043b\u044c\u0437\u043e\u0432\u0430\u0442\u0435\u043b\u0435\u0439<\/strong>: \u041b\u0435\u0433\u0430\u043b\u044c\u043d\u044b\u0439 \u0432\u043e\u0437\u0440\u0430\u0441\u0442 \u0434\u043b\u044f \u0443\u0447\u0430\u0441\u0442\u0438\u044f \u0432 \u0430\u0437\u0430\u0440\u0442\u043d\u044b\u0445 \u0438\u0433\u0440\u0430\u0445 \u0432 \u042d\u0441\u0442\u043e\u043d\u0438\u0438 \u0441\u043e\u0441\u0442\u0430\u0432\u043b\u044f\u0435\u0442 20 \u043b\u0435\u0442. \u0423\u0431\u0435\u0434\u0438\u0442\u0435\u0441\u044c, \u0447\u0442\u043e \u0432\u044b \u0441\u043e\u0431\u043b\u044e\u0434\u0430\u0435\u0442\u0435 \u044d\u0442\u043e \u0442\u0440\u0435\u0431\u043e\u0432\u0430\u043d\u0438\u0435 \u0438 \u0432\u0441\u0435 \u0437\u0430\u043a\u043e\u043d\u044b, \u0440\u0435\u0433\u0443\u043b\u0438\u0440\u0443\u044e\u0449\u0438\u0435 \u0430\u0437\u0430\u0440\u0442\u043d\u044b\u0435 \u0438\u0433\u0440\u044b \u043e\u043d\u043b\u0430\u0439\u043d.<\/li>\n        <li><strong>\u041f\u043e\u0434\u0434\u0435\u0440\u0436\u043a\u0430<\/strong>\u0415\u0441\u043b\u0438 \u0432\u0430\u043c \u0438\u043b\u0438 \u0432\u0430\u0448\u0438\u043c \u0437\u043d\u0430\u043a\u043e\u043c\u044b\u043c \u043d\u0443\u0436\u043d\u0430 \u043f\u043e\u043c\u043e\u0449\u044c \u0432 \u0440\u0435\u0448\u0435\u043d\u0438\u0438 \u043f\u0440\u043e\u0431\u043b\u0435\u043c, \u0441\u0432\u044f\u0437\u0430\u043d\u043d\u044b\u0445 \u0441 \u0430\u0437\u0430\u0440\u0442\u043d\u044b\u043c\u0438 \u0438\u0433\u0440\u0430\u043c\u0438, \u0432\u044b \u043c\u043e\u0436\u0435\u0442\u0435 \u043e\u0431\u0440\u0430\u0442\u0438\u0442\u044c\u0441\u044f \u0432 \u042d\u0441\u0442\u043e\u043d\u0441\u043a\u0438\u0439 \u0434\u0435\u043f\u0430\u0440\u0442\u0430\u043c\u0435\u043d\u0442 \u0430\u0437\u0430\u0440\u0442\u043d\u044b\u0445 \u0438\u0433\u0440 (\u041d\u0430\u043b\u043e\u0433\u043e\u0432\u044b\u0439 \u0438 \u0442\u0430\u043c\u043e\u0436\u0435\u043d\u043d\u044b\u0439 \u0434\u0435\u043f\u0430\u0440\u0442\u0430\u043c\u0435\u043d\u0442) \u0438\u043b\u0438 \u0432 \u043d\u0435\u043f\u0440\u0430\u0432\u0438\u0442\u0435\u043b\u044c\u0441\u0442\u0432\u0435\u043d\u043d\u044b\u0439 \u0446\u0435\u043d\u0442\u0440 \u043a\u043e\u043d\u0441\u0443\u043b\u044c\u0442\u0438\u0440\u043e\u0432\u0430\u043d\u0438\u044f \u043f\u043e \u0432\u043e\u043f\u0440\u043e\u0441\u0430\u043c \u0437\u0430\u0432\u0438\u0441\u0438\u043c\u043e\u0441\u0442\u0438 \u043e\u0442 \u0430\u0437\u0430\u0440\u0442\u043d\u044b\u0445 \u0438\u0433\u0440.<\/li>\n    <\/ul>\n    <p>CasinoRoyale.ee \u043d\u0435 \u043d\u0435\u0441\u0435\u0442 \u043e\u0442\u0432\u0435\u0442\u0441\u0442\u0432\u0435\u043d\u043d\u043e\u0441\u0442\u0438 \u0437\u0430 \u043b\u044e\u0431\u044b\u0435 \u043f\u043e\u0442\u0435\u0440\u0438, \u0441\u0432\u044f\u0437\u0430\u043d\u043d\u044b\u0435 \u0441 \u0438\u0441\u043f\u043e\u043b\u044c\u0437\u043e\u0432\u0430\u043d\u0438\u0435\u043c \u0441\u0442\u043e\u0440\u043e\u043d\u043d\u0438\u0445 \u043f\u043b\u0430\u0442\u0444\u043e\u0440\u043c \u043e\u043d\u043b\u0430\u0439\u043d-\u043a\u0430\u0437\u0438\u043d\u043e.<\/p>\n\n    <h2>\u041e\u0442\u0441\u0443\u0442\u0441\u0442\u0432\u0438\u0435 \u043e\u0442\u0432\u0435\u0442\u0441\u0442\u0432\u0435\u043d\u043d\u043e\u0441\u0442\u0438<\/h2>\n    <p>CasinoRoyale.ee, \u0435\u0433\u043e \u0432\u043b\u0430\u0434\u0435\u043b\u044c\u0446\u044b, \u0441\u043e\u0442\u0440\u0443\u0434\u043d\u0438\u043a\u0438 \u0438 \u0430\u0444\u0444\u0438\u043b\u0438\u0440\u043e\u0432\u0430\u043d\u043d\u044b\u0435 \u043b\u0438\u0446\u0430 \u043d\u0435 \u043d\u0435\u0441\u0443\u0442 \u043e\u0442\u0432\u0435\u0442\u0441\u0442\u0432\u0435\u043d\u043d\u043e\u0441\u0442\u0438 \u0437\u0430 \u043b\u044e\u0431\u044b\u0435 \u043f\u0440\u044f\u043c\u044b\u0435, \u043a\u043e\u0441\u0432\u0435\u043d\u043d\u044b\u0435, \u0441\u043b\u0443\u0447\u0430\u0439\u043d\u044b\u0435, \u043a\u043e\u0441\u0432\u0435\u043d\u043d\u044b\u0435 \u0438\u043b\u0438 \u0448\u0442\u0440\u0430\u0444\u043d\u044b\u0435 \u0443\u0431\u044b\u0442\u043a\u0438, \u0432\u043e\u0437\u043d\u0438\u043a\u0430\u044e\u0449\u0438\u0435 \u0432 \u0440\u0435\u0437\u0443\u043b\u044c\u0442\u0430\u0442\u0435:<\/p>\n    <ul>\n        <li>\u0432\u0430\u0448\u0435 \u0434\u043e\u0432\u0435\u0440\u0438\u0435 \u043a \u0438\u043d\u0444\u043e\u0440\u043c\u0430\u0446\u0438\u0438, \u043f\u0440\u0435\u0434\u0441\u0442\u0430\u0432\u043b\u0435\u043d\u043d\u043e\u0439 \u043d\u0430 \u044d\u0442\u043e\u043c \u0441\u0430\u0439\u0442\u0435.<\/li>\n        <li>\u041e\u0448\u0438\u0431\u043a\u0438, \u043d\u0435\u0442\u043e\u0447\u043d\u043e\u0441\u0442\u0438 \u0438\u043b\u0438 \u043f\u0440\u043e\u043f\u0443\u0441\u043a\u0438 \u0432 \u0441\u043e\u0434\u0435\u0440\u0436\u0430\u043d\u0438\u0438.<\/li>\n        <li>\u0412\u0437\u0430\u0438\u043c\u043e\u0434\u0435\u0439\u0441\u0442\u0432\u0438\u0435 \u0441\u043e \u0441\u0442\u043e\u0440\u043e\u043d\u043d\u0438\u043c\u0438 \u043f\u043b\u0430\u0442\u0444\u043e\u0440\u043c\u0430\u043c\u0438 \u043e\u043d\u043b\u0430\u0439\u043d-\u043a\u0430\u0437\u0438\u043d\u043e, \u043d\u0430 \u043a\u043e\u0442\u043e\u0440\u044b\u0435 \u0432\u044b \u043c\u043e\u0436\u0435\u0442\u0435 \u043f\u0435\u0440\u0435\u0439\u0442\u0438 \u043f\u043e \u043d\u0430\u0448\u0438\u043c \u0440\u0435\u0444\u0435\u0440\u0430\u043b\u044c\u043d\u044b\u043c \u0441\u0441\u044b\u043b\u043a\u0430\u043c.<\/li>\n        <li>\u0422\u0435\u0445\u043d\u0438\u0447\u0435\u0441\u043a\u0438\u0435 \u043f\u0440\u043e\u0431\u043b\u0435\u043c\u044b, \u0442\u0430\u043a\u0438\u0435 \u043a\u0430\u043a \u043f\u0440\u043e\u0441\u0442\u043e\u0438 \u0441\u0430\u0439\u0442\u0430 \u0438\u043b\u0438 \u043d\u0430\u0440\u0443\u0448\u0435\u043d\u0438\u044f \u0431\u0435\u0437\u043e\u043f\u0430\u0441\u043d\u043e\u0441\u0442\u0438.<\/li>\n    <\/ul>\n\n    <h2>\u0421\u043e\u0431\u043b\u044e\u0434\u0435\u043d\u0438\u0435 \u043f\u0440\u0430\u0432\u043e\u0432\u044b\u0445 \u043d\u043e\u0440\u043c<\/h2>\n    <p>\u0412\u044b \u043d\u0435\u0441\u0435\u0442\u0435 \u043e\u0442\u0432\u0435\u0442\u0441\u0442\u0432\u0435\u043d\u043d\u043e\u0441\u0442\u044c \u0437\u0430 \u0442\u043e, \u0447\u0442\u043e\u0431\u044b \u0438\u0441\u043f\u043e\u043b\u044c\u0437\u043e\u0432\u0430\u043d\u0438\u0435 \u0434\u0430\u043d\u043d\u043e\u0433\u043e \u0441\u0430\u0439\u0442\u0430 \u0438 \u0441\u0432\u044f\u0437\u0430\u043d\u043d\u044b\u0445 \u0441 \u043d\u0438\u043c \u043f\u043b\u0430\u0442\u0444\u043e\u0440\u043c \u043e\u043d\u043b\u0430\u0439\u043d-\u043a\u0430\u0437\u0438\u043d\u043e \u0441\u043e\u043e\u0442\u0432\u0435\u0442\u0441\u0442\u0432\u043e\u0432\u0430\u043b\u043e \u0437\u0430\u043a\u043e\u043d\u0430\u043c \u0432\u0430\u0448\u0435\u0439 \u044e\u0440\u0438\u0441\u0434\u0438\u043a\u0446\u0438\u0438. \u0412 \u042d\u0441\u0442\u043e\u043d\u0438\u0438 \u0430\u0437\u0430\u0440\u0442\u043d\u044b\u0435 \u0438\u0433\u0440\u044b \u0432 \u0418\u043d\u0442\u0435\u0440\u043d\u0435\u0442\u0435 \u0440\u0435\u0433\u0443\u043b\u0438\u0440\u0443\u044e\u0442\u0441\u044f \u042d\u0441\u0442\u043e\u043d\u0441\u043a\u0438\u043c \u0443\u043f\u0440\u0430\u0432\u043b\u0435\u043d\u0438\u0435\u043c \u0430\u0437\u0430\u0440\u0442\u043d\u044b\u0445 \u0438\u0433\u0440 (\u041d\u0430\u043b\u043e\u0433\u043e\u0432\u044b\u0439 \u0438 \u0442\u0430\u043c\u043e\u0436\u0435\u043d\u043d\u044b\u0439 \u0434\u0435\u043f\u0430\u0440\u0442\u0430\u043c\u0435\u043d\u0442), \u0438 \u043d\u0435\u043a\u043e\u0442\u043e\u0440\u044b\u0435 \u0432\u0438\u0434\u044b \u0434\u0435\u044f\u0442\u0435\u043b\u044c\u043d\u043e\u0441\u0442\u0438 \u043c\u043e\u0433\u0443\u0442 \u0431\u044b\u0442\u044c \u043e\u0433\u0440\u0430\u043d\u0438\u0447\u0435\u043d\u044b. CasinoRoyale.ee \u043d\u0435 \u043f\u043e\u0434\u0434\u0435\u0440\u0436\u0438\u0432\u0430\u0435\u0442 \u0438 \u043d\u0435 \u0441\u043f\u043e\u0441\u043e\u0431\u0441\u0442\u0432\u0443\u0435\u0442 \u043d\u0435\u0437\u0430\u043a\u043e\u043d\u043d\u044b\u043c \u0430\u0437\u0430\u0440\u0442\u043d\u044b\u043c \u0438\u0433\u0440\u0430\u043c.<\/p>\n\n    <h2>\u0421\u0441\u044b\u043b\u043a\u0438 \u0442\u0440\u0435\u0442\u044c\u0438\u0445 \u043b\u0438\u0446<\/h2>\n    <p>\u041d\u0430\u0448 \u0441\u0430\u0439\u0442 \u0441\u043e\u0434\u0435\u0440\u0436\u0438\u0442 \u0441\u0441\u044b\u043b\u043a\u0438 \u043d\u0430 \u0432\u043d\u0435\u0448\u043d\u0438\u0435 \u0441\u0430\u0439\u0442\u044b, \u0442\u0430\u043a\u0438\u0435 \u043a\u0430\u043a \u043f\u043b\u0430\u0442\u0444\u043e\u0440\u043c\u044b \u043e\u043d\u043b\u0430\u0439\u043d-\u043a\u0430\u0437\u0438\u043d\u043e \u0438 \u0441\u043b\u0443\u0436\u0431\u044b \u043f\u043e\u0434\u0434\u0435\u0440\u0436\u043a\u0438. \u041c\u044b \u043d\u0435 \u043a\u043e\u043d\u0442\u0440\u043e\u043b\u0438\u0440\u0443\u0435\u043c \u0438 \u043d\u0435 \u043e\u0434\u043e\u0431\u0440\u044f\u0435\u043c \u0441\u043e\u0434\u0435\u0440\u0436\u0430\u043d\u0438\u0435, \u043f\u043e\u043b\u0438\u0442\u0438\u043a\u0443 \u0438\u043b\u0438 \u043f\u0440\u0430\u043a\u0442\u0438\u043a\u0443 \u044d\u0442\u0438\u0445 \u0441\u0442\u043e\u0440\u043e\u043d\u043d\u0438\u0445 \u0441\u0430\u0439\u0442\u043e\u0432, \u0438 \u0432\u044b \u0438\u0441\u043f\u043e\u043b\u044c\u0437\u0443\u0435\u0442\u0435 \u0438\u0445 \u043d\u0430 \u0441\u0432\u043e\u0439 \u0441\u0442\u0440\u0430\u0445 \u0438 \u0440\u0438\u0441\u043a.<\/p>\n\n    <h2>\u041f\u043e\u043f\u0440\u0430\u0432\u043a\u0438 \u043a \u043d\u0430\u0441\u0442\u043e\u044f\u0449\u0435\u043c\u0443 \u0437\u0430\u044f\u0432\u043b\u0435\u043d\u0438\u044e \u043e\u0431 \u043e\u0442\u043a\u0430\u0437\u0435 \u043e\u0442 \u043e\u0442\u0432\u0435\u0442\u0441\u0442\u0432\u0435\u043d\u043d\u043e\u0441\u0442\u0438<\/h2>\n    <p>\u041c\u044b \u043c\u043e\u0436\u0435\u043c \u043f\u0435\u0440\u0438\u043e\u0434\u0438\u0447\u0435\u0441\u043a\u0438 \u043e\u0431\u043d\u043e\u0432\u043b\u044f\u0442\u044c \u044d\u0442\u043e\u0442 \u043e\u0442\u043a\u0430\u0437 \u043e\u0442 \u043e\u0442\u0432\u0435\u0442\u0441\u0442\u0432\u0435\u043d\u043d\u043e\u0441\u0442\u0438, \u0447\u0442\u043e\u0431\u044b \u043e\u0442\u0440\u0430\u0437\u0438\u0442\u044c \u0438\u0437\u043c\u0435\u043d\u0435\u043d\u0438\u044f \u0432 \u043d\u0430\u0448\u0435\u0439 \u043f\u0440\u0430\u043a\u0442\u0438\u043a\u0435, \u0442\u0435\u0445\u043d\u043e\u043b\u043e\u0433\u0438\u044f\u0445 \u0438\u043b\u0438 \u0442\u0440\u0435\u0431\u043e\u0432\u0430\u043d\u0438\u044f\u0445 \u0437\u0430\u043a\u043e\u043d\u043e\u0434\u0430\u0442\u0435\u043b\u044c\u0441\u0442\u0432\u0430. \u041e\u0431\u043d\u043e\u0432\u043b\u0435\u043d\u0438\u044f \u0431\u0443\u0434\u0443\u0442 \u043f\u0443\u0431\u043b\u0438\u043a\u043e\u0432\u0430\u0442\u044c\u0441\u044f \u0437\u0434\u0435\u0441\u044c, \u0438 \u0432\u0430\u0448\u0435 \u0434\u0430\u043b\u044c\u043d\u0435\u0439\u0448\u0435\u0435 \u0438\u0441\u043f\u043e\u043b\u044c\u0437\u043e\u0432\u0430\u043d\u0438\u0435 CasinoRoyale.ee \u0431\u0443\u0434\u0435\u0442 \u043e\u0437\u043d\u0430\u0447\u0430\u0442\u044c \u043f\u0440\u0438\u043d\u044f\u0442\u0438\u0435 \u0432\u0430\u043c\u0438 \u0438\u0437\u043c\u0435\u043d\u0435\u043d\u043d\u044b\u0445 \u0443\u0441\u043b\u043e\u0432\u0438\u0439.<\/p>\n\n    <h2>\u0421\u0432\u044f\u0436\u0438\u0442\u0435\u0441\u044c \u0441 \u043d\u0430\u043c\u0438<\/h2>\n    <p>\u0415\u0441\u043b\u0438 \u0443 \u0432\u0430\u0441 \u0432\u043e\u0437\u043d\u0438\u043a\u043b\u0438 \u0432\u043e\u043f\u0440\u043e\u0441\u044b \u0438\u043b\u0438 \u0441\u043e\u043c\u043d\u0435\u043d\u0438\u044f \u043f\u043e \u043f\u043e\u0432\u043e\u0434\u0443 \u0434\u0430\u043d\u043d\u043e\u0433\u043e \u043e\u0442\u043a\u0430\u0437\u0430 \u043e\u0442 \u043e\u0442\u0432\u0435\u0442\u0441\u0442\u0432\u0435\u043d\u043d\u043e\u0441\u0442\u0438, \u043f\u043e\u0436\u0430\u043b\u0443\u0439\u0441\u0442\u0430, \u0441\u0432\u044f\u0436\u0438\u0442\u0435\u0441\u044c \u0441 \u043d\u0430\u043c\u0438 \u043f\u043e \u0430\u0434\u0440\u0435\u0441\u0443 support@casinoroyale.ee.<\/p>","protected":false},"excerpt":{"rendered":"<p>Vastutuse V\u00e4listamine CasinoRoyale.ee \u00dcldteave CasinoRoyale.ee on sidusveebisait, mis keskendub Eestis tegutsevate kolmandate osapoolte veebikasiinode platvormide kohta teabe, arvustuste ja suunamislinkide pakkumisele. Me ei ole hasartm\u00e4nguoperaator ega paku ise hasartm\u00e4nguteenuseid. K\u00f5ik sellel veebisaidil olev sisu on m\u00f5eldud ainult informatiivsetel ja meelelahutuslikel eesm\u00e4rkidel ning ei ole m\u00f5eldud professionaalse finants- v\u00f5i hasartm\u00e4ngun\u00f5uandena. Sidusturunduse Avalikustamine CasinoRoyale.ee osaleb sidusturundusprogrammides. See [&hellip;]<\/p>","protected":false},"author":1,"featured_media":0,"parent":0,"menu_order":0,"comment_status":"closed","ping_status":"closed","template":"","meta":{"footnotes":""},"class_list":["post-2679","page","type-page","status-publish","hentry"],"aioseo_notices":[],"_links":{"self":[{"href":"https:\/\/casinoroyale.ee\/ru\/wp-json\/wp\/v2\/pages\/2679","targetHints":{"allow":["GET"]}}],"collection":[{"href":"https:\/\/casinoroyale.ee\/ru\/wp-json\/wp\/v2\/pages"}],"about":[{"href":"https:\/\/casinoroyale.ee\/ru\/wp-json\/wp\/v2\/types\/page"}],"author":[{"embeddable":true,"href":"https:\/\/casinoroyale.ee\/ru\/wp-json\/wp\/v2\/users\/1"}],"replies":[{"embeddable":true,"href":"https:\/\/casinoroyale.ee\/ru\/wp-json\/wp\/v2\/comments?post=2679"}],"version-history":[{"count":1,"href":"https:\/\/casinoroyale.ee\/ru\/wp-json\/wp\/v2\/pages\/2679\/revisions"}],"predecessor-version":[{"id":3106,"href":"https:\/\/casinoroyale.ee\/ru\/wp-json\/wp\/v2\/pages\/2679\/revisions\/3106"}],"wp:attachment":[{"href":"https:\/\/casinoroyale.ee\/ru\/wp-json\/wp\/v2\/media?parent=2679"}],"curies":[{"name":"wp","href":"https:\/\/api.w.org\/{rel}","templated":true}]}}