{"id":2695,"date":"2022-03-09T12:42:20","date_gmt":"2022-03-09T12:42:20","guid":{"rendered":"https:\/\/demos.pokatheme.com\/pokatheme\/?page_id=2695"},"modified":"2025-05-19T18:38:13","modified_gmt":"2025-05-19T18:38:13","slug":"ehdot","status":"publish","type":"page","link":"https:\/\/casinoroyale.ee\/fi\/ehdot\/","title":{"rendered":"Ehdot ja edellytykset"},"content":{"rendered":"<h1>CasinoRoyale.ee:n ehdot ja s\u00e4\u00e4nn\u00f6t<\/h1>\n    <p>Tervetuloa CasinoRoyale.ee. K\u00e4ym\u00e4ll\u00e4 ja k\u00e4ytt\u00e4m\u00e4ll\u00e4 t\u00e4t\u00e4 verkkosivustoa hyv\u00e4ksyt, ett\u00e4 n\u00e4m\u00e4 ehdot sitovat sinua. Jos et hyv\u00e4ksy mit\u00e4\u00e4n n\u00e4iden ehtojen osaa, et saa k\u00e4ytt\u00e4\u00e4 t\u00e4t\u00e4 verkkosivustoa.<\/p>\n\n    <h2>1. Johdanto<\/h2>\n    <p>CasinoRoyale.ee on verkkosivusto, joka tarjoaa tietoa, arvosteluja ja linkkej\u00e4 Virossa toimiviin online-kasinoalustoihin. Emme tarjoa suoraan rahapelipalveluja, mutta saatamme ansaita palkkioita, jos rekister\u00f6idyt tai olet vuorovaikutuksessa n\u00e4iden alustojen kanssa linkkimme kautta. Teht\u00e4v\u00e4mme on tarjota tarkkaa ja hy\u00f6dyllist\u00e4 sis\u00e4lt\u00f6\u00e4, joka parantaa online-pelikokemustasi.<\/p>\n\n    <h2>2. K\u00e4ytt\u00e4j\u00e4n soveltuvuus<\/h2>\n    <p>Jotta voit k\u00e4ytt\u00e4\u00e4 CasinoRoyale.ee-sivustoa, sinun on t\u00e4ytett\u00e4v\u00e4 seuraavat vaatimukset:<\/p>\n    <ul>\n        <li>Sinun on oltava v\u00e4hint\u00e4\u00e4n 20-vuotias, mik\u00e4 on Viron laillinen uhkapeli-ik\u00e4raja.<\/li>\n        <li>Vahvistat, ett\u00e4 k\u00e4yt\u00e4t t\u00e4t\u00e4 verkkosivustoa kaikkien sovellettavien Viron lakien ja asetusten mukaisesti, jotka koskevat online-rahapelej\u00e4.<\/li>\n        <li>T\u00e4m\u00e4 sivusto on tarkoitettu Viron asukkaille, joissa online-rahapelit ovat sallittuja. On sinun vastuullasi varmistaa, ett\u00e4 p\u00e4\u00e4sy t\u00e4lle sivustolle ja rahapelialustoille, joihin viitataan, on laillista sinun laink\u00e4ytt\u00f6alueellasi.<\/li>\n    <\/ul>\n\n    <h2>3. Tilin rekister\u00f6inti<\/h2>\n    <p>Jos tilin luominen on mahdollista CasinoRoyale.ee:ss\u00e4 (esim. henkil\u00f6kohtaisia ominaisuuksia varten), hyv\u00e4ksyt sen:<\/p>\n    <ul>\n        <li>Anna tarkat ja ajantasaiset tiedot rekister\u00f6ityess\u00e4si.<\/li>\n        <li>Pid\u00e4 tilitietosi (k\u00e4ytt\u00e4j\u00e4tunnus ja salasana) turvassa ja luottamuksellisina.<\/li>\n        <li>Olet vastuussa kaikesta tilill\u00e4si tapahtuvasta toiminnasta.<\/li>\n    <\/ul>\n\n    <h2>4. K\u00e4ytt\u00e4j\u00e4n k\u00e4ytt\u00e4ytyminen<\/h2>\n    <p>Sitoudut k\u00e4ytt\u00e4m\u00e4\u00e4n CasinoRoyale.ee-sivustoa vastuullisesti ja laillisesti. Seuraavat toiminnot ovat ehdottomasti kiellettyj\u00e4:<\/p>\n    <ul>\n        <li>Toisten h\u00e4irint\u00e4 tai uhkailu.<\/li>\n        <li>Siveett\u00f6m\u00e4n, loukkaavan tai laittoman sis\u00e4ll\u00f6n jakaminen.<\/li>\n        <li>Yritys h\u00e4irit\u00e4 verkkosivuston toimintaa (esim. haittaohjelmien tai hakkeroinnin avulla).<\/li>\n        <li>Palvelujen luvaton mainonta tai myynninedist\u00e4minen ilman kirjallista suostumustamme.<\/li>\n    <\/ul>\n    <p>Rikkomukset voivat johtaa k\u00e4ytt\u00f6oikeutesi v\u00e4litt\u00f6m\u00e4\u00e4n keskeytt\u00e4miseen tai lopettamiseen.<\/p>\n\n    <h2>5. Immateriaalioikeudet<\/h2>\n    <p>Kaikki CasinoRoyale.ee:n sis\u00e4lt\u00f6, mukaan lukien teksti, kuvat, logot ja ohjelmistot, on CasinoRoyale.ee:n tai sen toimittajien omaisuutta, ja se on suojattu Viron tekij\u00e4noikeus- ja teollis- ja tekij\u00e4noikeuslaeilla. Et saa:<\/p>\n    <ul>\n        <li>Kopioida, levitt\u00e4\u00e4 tai muokata sis\u00e4lt\u00f6\u00e4 ilman kirjallista lupaamme.<\/li>\n        <li>K\u00e4yt\u00e4 tavaramerkkej\u00e4mme (esim. logoja tai tuotemerkkej\u00e4) henkil\u00f6kohtaisiin tai kaupallisiin tarkoituksiin ilman suostumustamme.<\/li>\n    <\/ul>\n\n    <h2>6. Julkistaminen Markkinointi-ilmoitus<\/h2>\n    <p>Verkkosivustona CasinoRoyale.ee ansaitsee provisioita nettikasinoalustoille v\u00e4litt\u00e4misest\u00e4. T\u00e4m\u00e4 ei lis\u00e4\u00e4 kulujasi, ja pyrimme tarjoamaan puolueetonta ja tarkkaa tietoa. Sidonnaisuutemme voivat kuitenkin vaikuttaa tarjottuun sis\u00e4lt\u00f6\u00f6n ja suosituksiin.<\/p>\n\n    <h2>7. Yksityisyyden suoja<\/h2>\n    <p>Yksityisyytesi on meille t\u00e4rke\u00e4\u00e4. Noudatamme Viron henkil\u00f6tietolakia ja EU:n yleist\u00e4 tietosuoja-asetusta (GDPR). Yksityiskohtaiset tiedot siit\u00e4, miten ker\u00e4\u00e4mme, k\u00e4yt\u00e4mme ja suojaamme tietojasi, l\u00f6yd\u00e4t tietosuojaselosteestamme. K\u00e4ytt\u00e4m\u00e4ll\u00e4 t\u00e4t\u00e4 sivustoa hyv\u00e4ksyt n\u00e4m\u00e4 k\u00e4yt\u00e4nn\u00f6t.<\/p>\n\n    <h2>8. Vastuun poissulkeminen<\/h2>\n    <p>CasinoRoyale.ee tarjoaa tietoja ja suosituksia vain tiedotustarkoituksessa. Huomaa:<\/p>\n    <ul>\n        <li><strong>Takuun puuttuminen<\/strong>: Emme takaa annettujen tietojen tarkkuutta tai luotettavuutta. T\u00e4m\u00e4n sivuston ja viitattujen alustojen k\u00e4ytt\u00f6 tapahtuu omalla vastuullasi.<\/li>\n        <li><strong>Rahapeliriskit<\/strong>: Nettipelaamiseen liittyy taloudellisia riskej\u00e4 ja se voi aiheuttaa riippuvuutta. Pelaa vastuullisesti ja hae tarvittaessa apua.<\/li>\n        <li><strong>Ei rahapelitarjouksia<\/strong>: Olemme kumppani, emme uhkapelioperaattori, emmek\u00e4 ole vastuussa mist\u00e4\u00e4n tappioista tai riidoista, jotka johtuvat kolmannen osapuolen alustoista.<\/li>\n        <li><strong>Oikeudellinen vastuu<\/strong>: Sinun on varmistettava, ett\u00e4 online-rahapelit ovat laillisia alueellasi. Viron lait voivat vaihdella, ja jotkin online-rahapelien muodot voivat olla rajoitettuja.<\/li>\n    <\/ul>\n\n    <h2>9. Vastuullinen pelaaminen<\/h2>\n    <p>Tuemme vastuullista pelaamista. Jos tarvitset apua pelaamiseen liittyviss\u00e4 ongelmissa, ota yhteytt\u00e4:<\/p>\n    <ul>\n        <li>Viron rahapeliviranomainen (vero- ja tullihallitus) vastuullisen pelaamisen resursseja varten.<\/li>\n        <li>Kansalaisj\u00e4rjest\u00f6jen rahapeliriippuvuusneuvontapiste, josta saa neuvoja ja tukea.<\/li>\n    <\/ul>\n    <p>Tarjoamme n\u00e4m\u00e4 linkit mukavuutesi vuoksi, mutta emme ole vastuussa n\u00e4ist\u00e4 palveluista.<\/p>\n\n    <h2>10. Valmistuminen<\/h2>\n    <p>Voimme keskeytt\u00e4\u00e4 tai lopettaa p\u00e4\u00e4sysi CasinoRoyale.ee-sivustolle ilman ennakkoilmoitusta, jos:<\/p>\n    <ul>\n        <li>Olet rikkonut n\u00e4it\u00e4 ehtoja.<\/li>\n        <li>K\u00e4ytt\u00e4yty\u00e4 tavalla, joka on haitallista k\u00e4ytt\u00e4jille, meille tai kolmansille osapuolille.<\/li>\n        <li>Mist\u00e4 tahansa syyst\u00e4 harkintamme mukaan.<\/li>\n    <\/ul>\n\n    <h2>11. Sovellettava laki<\/h2>\n    <p>N\u00e4ihin ehtoihin sovelletaan Viron lakia. Kaikki riidat ratkaistaan yksinomaan Viron tuomioistuimissa.<\/p>\n\n    <h2>12. Ehtojen muutokset<\/h2>\n    <p>Voimme p\u00e4ivitt\u00e4\u00e4 niit\u00e4 tarvittaessa olosuhteiden ja s\u00e4\u00e4nt\u00f6jen mukaan. Muutoksista ilmoitetaan t\u00e4ll\u00e4 sivulla, ja sivuston jatkuva k\u00e4ytt\u00f6si merkitsee tarkistettujen ehtojen hyv\u00e4ksymist\u00e4.<\/p>\n\n    <h2>13. Yhteystiedot<\/h2>\n    <p>Jos sinulla on kysytt\u00e4v\u00e4\u00e4 tai huolenaiheita n\u00e4ist\u00e4 ehdoista, ota meihin yhteytt\u00e4 osoitteeseen support@casinoroyale.ee.<\/p>","protected":false},"excerpt":{"rendered":"<p>Tingimused ja Eeskirjad CasinoRoyale.ee Tere tulemast CasinoRoyale.ee. Selle veebisaidi k\u00fclastamisega ja kasutamisega n\u00f5ustute j\u00e4rgima k\u00e4esolevaid tingimusi ja eeskirju. Kui te ei n\u00f5ustu m\u00f5ne nende tingimuste osaga, ei tohi te seda veebisaiti kasutada. 1. Sissejuhatus CasinoRoyale.ee on sidusveebisait, mis pakub teavet, arvustusi ja suunamislinke Eestis tegutsevatele veebikasiinode platvormidele. Me ei paku otse hasartm\u00e4nguteenuseid, kuid v\u00f5ime teenida [&hellip;]<\/p>","protected":false},"author":1,"featured_media":0,"parent":0,"menu_order":0,"comment_status":"closed","ping_status":"closed","template":"","meta":{"footnotes":""},"class_list":["post-2695","page","type-page","status-publish","hentry"],"aioseo_notices":[],"_links":{"self":[{"href":"https:\/\/casinoroyale.ee\/fi\/wp-json\/wp\/v2\/pages\/2695","targetHints":{"allow":["GET"]}}],"collection":[{"href":"https:\/\/casinoroyale.ee\/fi\/wp-json\/wp\/v2\/pages"}],"about":[{"href":"https:\/\/casinoroyale.ee\/fi\/wp-json\/wp\/v2\/types\/page"}],"author":[{"embeddable":true,"href":"https:\/\/casinoroyale.ee\/fi\/wp-json\/wp\/v2\/users\/1"}],"replies":[{"embeddable":true,"href":"https:\/\/casinoroyale.ee\/fi\/wp-json\/wp\/v2\/comments?post=2695"}],"version-history":[{"count":1,"href":"https:\/\/casinoroyale.ee\/fi\/wp-json\/wp\/v2\/pages\/2695\/revisions"}],"predecessor-version":[{"id":3111,"href":"https:\/\/casinoroyale.ee\/fi\/wp-json\/wp\/v2\/pages\/2695\/revisions\/3111"}],"wp:attachment":[{"href":"https:\/\/casinoroyale.ee\/fi\/wp-json\/wp\/v2\/media?parent=2695"}],"curies":[{"name":"wp","href":"https:\/\/api.w.org\/{rel}","templated":true}]}}