{"id":2679,"date":"2022-03-09T12:18:54","date_gmt":"2022-03-09T12:18:54","guid":{"rendered":"https:\/\/demos.pokatheme.com\/pokatheme\/?page_id=2679"},"modified":"2025-05-19T18:29:48","modified_gmt":"2025-05-19T18:29:48","slug":"vastuuvapauslauseke","status":"publish","type":"page","link":"https:\/\/casinoroyale.ee\/fi\/vastuuvapauslauseke\/","title":{"rendered":"Vastuuvapauslauseke"},"content":{"rendered":"<h1>Vastuuvapauslauseke | CasinoRoyale.ee<\/h1>\n\n    <h2>Yleisi\u00e4 tietoja<\/h2>\n    <p>CasinoRoyale.ee on verkkosivusto, joka on keskittynyt tarjoamaan tietoa, arvosteluja ja linkkej\u00e4 Virossa toimiviin kolmannen osapuolen online-kasinoalustoihin. Emme ole rahapelioperaattori emmek\u00e4 itse tarjoa rahapelipalveluja. Kaikki t\u00e4m\u00e4n verkkosivuston sis\u00e4lt\u00f6 on tarkoitettu vain tiedotus- ja viihdetarkoituksiin, eik\u00e4 sit\u00e4 ole tarkoitettu ammattimaiseksi rahoitus- tai rahapelineuvonnaksi.<\/p>\n\n    <h2>Celebration Marketing Disclosure<\/h2>\n    <p>CasinoRoyale.ee osallistuu online-markkinointiohjelmiin. T\u00e4m\u00e4 tarkoittaa, ett\u00e4 saatamme ansaita palkkioita, kun klikkaat suosittelemiamme linkkej\u00e4 ja olet vuorovaikutuksessa suositeltujen online-kasinoalustojen kanssa (esim. rekister\u00f6itym\u00e4ll\u00e4, tallettamalla rahaa tai asettamalla vetoja). N\u00e4m\u00e4 sidonnaisuudet eiv\u00e4t lis\u00e4\u00e4 kulujasi, mutta voivat vaikuttaa sis\u00e4lt\u00f6\u00f6mme, suosituksiimme tai alustojen sijoituksiin. Pyrimme pysym\u00e4\u00e4n l\u00e4pin\u00e4kyvin\u00e4 ja tarjoamaan samalla arvokasta tietoa k\u00e4ytt\u00e4jillemme.<\/p>\n\n    <h2>Teko\u00e4lyn k\u00e4ytt\u00f6 sis\u00e4ll\u00f6ntuotannossa<\/h2>\n    <p>Sis\u00e4ll\u00f6n laadun ja tehokkuuden parantamiseksi CasinoRoyale.ee voi k\u00e4ytt\u00e4\u00e4 teko\u00e4lyty\u00f6kaluja (AI) aineiston, kuten artikkeleiden, kasinoarvostelujen tai tietojen tiivistelmien luomiseen. Kaikki sis\u00e4lt\u00f6 on suunniteltu informatiiviseksi, t\u00e4sm\u00e4lliseksi ja merkitykselliseksi. Ihmistoimittajatiimimme tarkistaa ja tarkentaa teko\u00e4lyn tuottamaa sis\u00e4lt\u00f6\u00e4 varmistaakseen, ett\u00e4 se t\u00e4ytt\u00e4\u00e4 luotettavuutta ja hy\u00f6dyllisyytt\u00e4 yleis\u00f6llemme koskevat standardimme.<\/p>\n\n    <h2>Tietojen tarkkuus<\/h2>\n    <p>Pyrimme pit\u00e4m\u00e4\u00e4n CasinoRoyale.ee:n tiedot t\u00e4sm\u00e4llisin\u00e4 ja ajantasaisina. Online-rahapeliala, mukaan lukien s\u00e4\u00e4nn\u00f6kset ja kasinotarjoukset, muuttuu kuitenkin nopeasti. Emme voi taata kaikkien yksityiskohtien t\u00e4ydellisyytt\u00e4 tai tarkkuutta. K\u00e4ytt\u00e4jien tulisi tarkistaa tiedot itsen\u00e4isesti ennen p\u00e4\u00e4t\u00f6sten tekemist\u00e4, erityisesti rahaliikenteen tai uhkapelitoiminnan osalta.<\/p>\n\n    <h2>Rahapeliriskit ja vastuullinen pelaaminen<\/h2>\n    <p>Nettipelaamiseen liittyy merkitt\u00e4vi\u00e4 taloudellisia riskej\u00e4, mukaan lukien riippuvuuden mahdollisuus. CasinoRoyale.ee ei suosittele pelaamista ja suosittelee vahvasti vastuullisia pelik\u00e4yt\u00e4nt\u00f6j\u00e4. Jos p\u00e4\u00e4t\u00e4t pelata uhkapelej\u00e4, panosta vain sen verran, mit\u00e4 sinulla on varaa menett\u00e4\u00e4, ja ole tietoinen riskeist\u00e4.<\/p>\n    <ul>\n        <li><strong>Viron k\u00e4ytt\u00e4jille<\/strong>: Viron laillinen ik\u00e4raja on 20. Varmista, ett\u00e4 noudatat t\u00e4t\u00e4 vaatimusta ja kaikkia nettipelaamista koskevia lakeja.<\/li>\n        <li><strong>Tuki<\/strong>: Jos sin\u00e4 tai joku tuttavasi tarvitsee apua rahapelaamiseen liittyviss\u00e4 ongelmissa, resursseja on saatavilla Viron rahapelihallituksen (vero- ja tullihallitus) tai kansalaisj\u00e4rjest\u00f6jen rahapeliriippuvuusneuvontapisteen kautta.<\/li>\n    <\/ul>\n    <p>CasinoRoyale.ee ei ole vastuussa mist\u00e4\u00e4n tappioista, jotka johtuvat kolmannen osapuolen online-kasinoalustojen k\u00e4yt\u00f6st\u00e4.<\/p>\n\n    <h2>Vastuun puute<\/h2>\n    <p>CasinoRoyale.ee, sen omistajat, ty\u00f6ntekij\u00e4t ja tyt\u00e4ryhti\u00f6t eiv\u00e4t ole vastuussa mist\u00e4\u00e4n suorista, ep\u00e4suorista, satunnaisista, v\u00e4lillisist\u00e4 tai rankaisevista vahingoista, jotka johtuvat:<\/p>\n    <ul>\n        <li>luottamuksesi t\u00e4ll\u00e4 verkkosivustolla annettuihin tietoihin.<\/li>\n        <li>Sis\u00e4ll\u00f6n virheet, ep\u00e4tarkkuudet tai puutteet.<\/li>\n        <li>Vuorovaikutus kolmansien osapuolten online-kasinoalustojen kanssa, joihin p\u00e4\u00e4set suosittelulinkkien kautta.<\/li>\n        <li>Tekniset ongelmat, kuten verkkosivuston k\u00e4ytt\u00f6katkokset tai tietoturvaloukkaukset.<\/li>\n    <\/ul>\n\n    <h2>Lains\u00e4\u00e4d\u00e4nn\u00f6n noudattaminen<\/h2>\n    <p>Olet itse vastuussa siit\u00e4, ett\u00e4 t\u00e4m\u00e4n verkkosivuston ja siihen liittyvien online-kasinoalustojen k\u00e4ytt\u00f6 on laink\u00e4ytt\u00f6alueesi lakien mukaista. Virossa online-rahapelej\u00e4 s\u00e4\u00e4ntelee Viron rahapeliviranomainen (vero- ja tullihallitus), ja tiettyj\u00e4 toimintoja voidaan rajoittaa. CasinoRoyale.ee ei tue tai helpota laitonta uhkapelaamista.<\/p>\n\n    <h2>Kolmannen osapuolen linkit<\/h2>\n    <p>Verkkosivustomme sis\u00e4lt\u00e4\u00e4 linkkej\u00e4 ulkoisille sivustoille, kuten online-kasinoalustoille ja tukipalveluihin. Emme valvo emmek\u00e4 hyv\u00e4ksy n\u00e4iden kolmansien osapuolten sivustojen sis\u00e4lt\u00f6\u00e4, k\u00e4yt\u00e4nt\u00f6j\u00e4 tai k\u00e4yt\u00e4nt\u00f6j\u00e4, ja k\u00e4yt\u00e4t niit\u00e4 omalla vastuullasi.<\/p>\n\n    <h2>T\u00e4h\u00e4n vastuuvapauslausekkeeseen teht\u00e4v\u00e4t muutokset<\/h2>\n    <p>Saatamme p\u00e4ivitt\u00e4\u00e4 t\u00e4t\u00e4 vastuuvapauslauseketta m\u00e4\u00e4r\u00e4ajoin vastaamaan k\u00e4yt\u00e4nt\u00f6jemme, tekniikan tai lakis\u00e4\u00e4teisten vaatimusten muutoksia. P\u00e4ivitykset julkaistaan t\u00e4\u00e4ll\u00e4, ja CasinoRoyale.ee:n jatkuva k\u00e4ytt\u00f6si merkitsee muutettujen ehtojen hyv\u00e4ksymist\u00e4.<\/p>\n\n    <h2>Ota yhteytt\u00e4<\/h2>\n    <p>Jos sinulla on kysymyksi\u00e4 tai huolenaiheita t\u00e4st\u00e4 vastuuvapauslausekkeesta, ota meihin yhteytt\u00e4 osoitteeseen support@casinoroyale.ee.<\/p>","protected":false},"excerpt":{"rendered":"<p>Vastutuse V\u00e4listamine CasinoRoyale.ee \u00dcldteave CasinoRoyale.ee on sidusveebisait, mis keskendub Eestis tegutsevate kolmandate osapoolte veebikasiinode platvormide kohta teabe, arvustuste ja suunamislinkide pakkumisele. Me ei ole hasartm\u00e4nguoperaator ega paku ise hasartm\u00e4nguteenuseid. K\u00f5ik sellel veebisaidil olev sisu on m\u00f5eldud ainult informatiivsetel ja meelelahutuslikel eesm\u00e4rkidel ning ei ole m\u00f5eldud professionaalse finants- v\u00f5i hasartm\u00e4ngun\u00f5uandena. Sidusturunduse Avalikustamine CasinoRoyale.ee osaleb sidusturundusprogrammides. See [&hellip;]<\/p>","protected":false},"author":1,"featured_media":0,"parent":0,"menu_order":0,"comment_status":"closed","ping_status":"closed","template":"","meta":{"footnotes":""},"class_list":["post-2679","page","type-page","status-publish","hentry"],"aioseo_notices":[],"_links":{"self":[{"href":"https:\/\/casinoroyale.ee\/fi\/wp-json\/wp\/v2\/pages\/2679","targetHints":{"allow":["GET"]}}],"collection":[{"href":"https:\/\/casinoroyale.ee\/fi\/wp-json\/wp\/v2\/pages"}],"about":[{"href":"https:\/\/casinoroyale.ee\/fi\/wp-json\/wp\/v2\/types\/page"}],"author":[{"embeddable":true,"href":"https:\/\/casinoroyale.ee\/fi\/wp-json\/wp\/v2\/users\/1"}],"replies":[{"embeddable":true,"href":"https:\/\/casinoroyale.ee\/fi\/wp-json\/wp\/v2\/comments?post=2679"}],"version-history":[{"count":1,"href":"https:\/\/casinoroyale.ee\/fi\/wp-json\/wp\/v2\/pages\/2679\/revisions"}],"predecessor-version":[{"id":3106,"href":"https:\/\/casinoroyale.ee\/fi\/wp-json\/wp\/v2\/pages\/2679\/revisions\/3106"}],"wp:attachment":[{"href":"https:\/\/casinoroyale.ee\/fi\/wp-json\/wp\/v2\/media?parent=2679"}],"curies":[{"name":"wp","href":"https:\/\/api.w.org\/{rel}","templated":true}]}}