{"id":2674,"date":"2022-03-09T12:09:53","date_gmt":"2022-03-09T12:09:53","guid":{"rendered":"https:\/\/demos.pokatheme.com\/pokatheme\/?page_id=2674"},"modified":"2025-05-19T18:24:49","modified_gmt":"2025-05-19T18:24:49","slug":"vastuullinen-pelaaminen","status":"publish","type":"page","link":"https:\/\/casinoroyale.ee\/fi\/vastuullinen-pelaaminen\/","title":{"rendered":"Vastuullinen pelaaminen"},"content":{"rendered":"<h1>Vastuullinen pelaaminen CasinoRoyale.ee:n kanssa<\/h1>\n    <p>Pelaaminen verkossa on j\u00e4nnitt\u00e4v\u00e4\u00e4. Hetki, jolloin kolikkopelien rullat py\u00f6riv\u00e4t, kortit jaetaan tai panos vahvistetaan - se on j\u00e4nnityst\u00e4, jonka tuhannet virolaiset ovat l\u00f6yt\u00e4neet. Mutta kuten ylim\u00e4\u00e4r\u00e4inen lasi Vana Tallinnaa juhannuksen kunniaksi, liiallinen pelaaminen voi muuttua nopeasti hauskuudesta ongelmalliseksi!<\/p>\n    <p>Me, CasinoRoyale.ee, emme ole t\u00e4\u00e4ll\u00e4 luennoimassa sinulle tai kertomassa sinulle, ett\u00e4 nettipelaaminen on kielletty\u00e4. P\u00e4invastoin! Viron johtavana kasinoalustana olemme sitoutuneet auttamaan sinua nauttimaan pelikokemuksestasi ja pit\u00e4m\u00e4\u00e4n samalla lompakkosi ja henkisen hyvinvointisi turvassa. Ajattele meit\u00e4 luotettavana oppaanasi, jolla navigoit Viron nettikasinoiden j\u00e4nnitt\u00e4v\u00e4ss\u00e4 mutta arvaamattomassa maailmassa.<\/p>\n    <p>Olitpa sitten kokenut kolikkopelien harrastaja, live-kasinon pelaaja tai verkkopelaamisen uusi tulokas, vastuullinen pelaaminen ei ole vain fiksua, vaan se on v\u00e4ltt\u00e4m\u00e4t\u00f6nt\u00e4 pitk\u00e4n aikav\u00e4lin nautinnon kannalta.<\/p>\n\n    <h2>Mit\u00e4 vastuullinen pelaaminen tarkalleen ottaen ON?<\/h2>\n    <p>Vastuullinen pelaaminen ei tarkoita, ett\u00e4 j\u00e4nnitys katoaa kokemuksestasi - lupaamme sen! Se tarkoittaa sit\u00e4, ett\u00e4 uhkapelej\u00e4 l\u00e4hestyt\u00e4\u00e4n selke\u00e4ll\u00e4 mielell\u00e4 ja kurinalaisin tottumuksin. Virossa, jossa rahapelaaminen on suosittu harrastus, tasapainon l\u00f6yt\u00e4minen on erityisen t\u00e4rke\u00e4\u00e4.<\/p>\n    <p>Vastuullisen pelaamisen ydin on:<\/p>\n    <ul>\n        <li>Kasinopelaamista pidet\u00e4\u00e4n viihteen\u00e4, ei keinona lis\u00e4t\u00e4 s\u00e4\u00e4st\u00f6j\u00e4.<\/li>\n        <li>Aseta tiukat aika- ja raharajat (eurom\u00e4\u00e4r\u00e4iset) ennen pelin alkua.<\/li>\n        <li>Ei tappioiden jahtaamista, vaikka se olisikin houkuttelevaa.<\/li>\n        <li>Panosta vain sellaista rahaa, jonka h\u00e4vi\u00e4minen on kohtuullista.<\/li>\n        <li>Tasapainottaminen pelaamisen ja muiden el\u00e4m\u00e4n prioriteettien, kuten perheen ja ty\u00f6n, v\u00e4lill\u00e4.<\/li>\n    <\/ul>\n    <p>Kuulostaa yksinkertaiselta, eik\u00f6? Mutta kun j\u00e4ttipotin tuoma adrenaliini tai yhden kierroksen j\u00e4nnitys alkaa, n\u00e4iden periaatteiden noudattaminen voi olla hankalaa. Pieni suunnittelu ja itsetuntemus auttavat pitk\u00e4lle.<\/p>\n\n    <h2>Varoitusmerkit: kun pelaaminen lakkaa olemasta hauskaa<\/h2>\n    <p>Nettipelaaminen voi muuttua hiljaa hauskasta huolestuttavaksi, aivan kuin et huomaisi, ett\u00e4 olet pelannut kolikkopelej\u00e4 tuntikausia, kunnes lompakkosi on kevyempi. Nettikasinoiden ymp\u00e4rivuorokautinen luonne tekee ajan menett\u00e4misest\u00e4 helppoa!<\/p>\n    <p>Varo n\u00e4it\u00e4 vaaranmerkkej\u00e4 itsess\u00e4si tai l\u00e4heisess\u00e4si:<\/p>\n    <ul>\n        <li>Rahan tai ajan k\u00e4ytt\u00e4minen pelaamiseen suunniteltua enemm\u00e4n.<\/li>\n        <li>Lis\u00e4varoja vedonly\u00f6nnin jatkamiseen tai tappioiden kattamiseen.<\/li>\n        <li>Pelitoiminnan salaaminen perheelt\u00e4 tai yst\u00e4vilt\u00e4.<\/li>\n        <li>Tunne on ahdistunut tai \u00e4rtynyt, kun yrit\u00e4t v\u00e4hent\u00e4\u00e4 pelaamista.<\/li>\n        <li>Ty\u00f6st\u00e4, koulusta tai ihmissuhteista j\u00e4\u00e4minen pois pelaamisen takia.<\/li>\n        <li>Rahapelaaminen stressin tai taloudellisten vaikeuksien voittamiseksi.<\/li>\n    <\/ul>\n    <p>Jos ne n\u00e4ytt\u00e4v\u00e4t tutuilta, \u00e4l\u00e4 huoli - merkkien havaitseminen on ensimm\u00e4inen askel kohti hallinnan palauttamista. Et ole yksin; tutkimusten mukaan 2-4% virolaisista pelaajista kohtaa jossain vaiheessa ongelmapelaamisen.<\/p>\n\n    <h2>K\u00e4yt\u00e4nn\u00f6n vinkkej\u00e4 turvalliseen pelaamiseen<\/h2>\n    <p>Haluatko nauttia nettipelaamisesta vaarantamatta koko lompakkoasi tai j\u00e4\u00e4m\u00e4tt\u00e4 paitsi el\u00e4m\u00e4n muista nautinnoista? T\u00e4ss\u00e4 on k\u00e4yt\u00e4nn\u00f6n strategioita Viron pelaajille:<\/p>\n\n    <h3>Ennen pelaamista<\/h3>\n    <ul>\n        <li><strong>Aseta budjetti ja pid\u00e4 siit\u00e4 kiinni.<\/strong> P\u00e4\u00e4t\u00e4, kuinka paljon rahaa (esim. 20 tai 50 euroa) sinulla on varaa menett\u00e4\u00e4, ja pid\u00e4 sit\u00e4 vapaa-ajan menona. K\u00e4yt\u00e4 erillist\u00e4 tili\u00e4 uhkapelivaroja varten, jotta v\u00e4lt\u00e4t s\u00e4\u00e4st\u00f6jesi tuhlaamisen. Jotkut virolaiset uhkapelaajat k\u00e4ytt\u00e4v\u00e4t \"budjettikuorimenetelm\u00e4\u00e4\", jossa he siirt\u00e4v\u00e4t vain pelibudjettinsa erilliselle tilille ja lopettavat pelaamisen, kun se on tyhj\u00e4.<\/li>\n        <li><strong>Aseta aikarajat.<\/strong> P\u00e4\u00e4t\u00e4, kuinka kauan pelaat, ennen kuin aloitat ja aseta puhelimesi her\u00e4tt\u00e4m\u00e4\u00e4n sinut. Kun se soi, lopeta - voitat tai h\u00e4vi\u00e4t!<\/li>\n    <\/ul>\n\n    <h3>Peliaika<\/h3>\n    <ul>\n        <li><strong>Pid\u00e4 tauko.<\/strong> Astu kauemmas, hae v\u00e4lipala tai k\u00e4vele It\u00e4meren rannalla. Tauot keskeytt\u00e4v\u00e4t nettikasinoiden hypnoottisen vetovoiman, joka on suunniteltu pit\u00e4m\u00e4\u00e4n sinut k\u00e4ynniss\u00e4. Nopea tauko auttaa sinua pysym\u00e4\u00e4n maassa.<\/li>\n        <li><strong>V\u00e4lt\u00e4 alkoholin ja uhkapelien yhdist\u00e4mist\u00e4.<\/strong> Juhlajuoma ja uhkapeli saattavat tuntua klassiselta yhdistelm\u00e4lt\u00e4, mutta alkoholi sumentaa arviointikyky\u00e4 ja lis\u00e4\u00e4 ylikulutuksen todenn\u00e4k\u00f6isyytt\u00e4.<\/li>\n    <\/ul>\n\n    <h3>Pelaamisen j\u00e4lkeen<\/h3>\n    <ul>\n        <li><strong>Pohdi istuntoa.<\/strong> Pysyitk\u00f6 budjetissasi ja aikarajoituksissasi? Oliko se hauskaa vai stressaavaa? Rehelliset n\u00e4kemykset vahvistavat vastuullisia tapoja.<\/li>\n        <li><strong>Pid\u00e4 pelaaminen tasapainossa.<\/strong> Jos j\u00e4t\u00e4t perheaikaa tai perut suunnitelmia voiton tavoittelun vuoksi, on aika mietti\u00e4 l\u00e4hestymistapaasi uudelleen.<\/li>\n    <\/ul>\n\n    <h2>Tukimahdollisuudet Virossa<\/h2>\n    <p>Jos pelaaminen on muuttunut hauskasta haitalliseksi, et ole yksin, ja apua on saatavilla. Virossa on useita vaihtoehtoja:<\/p>\n    <ul>\n        <li><strong>Viron rahapelilautakunta (vero- ja tullilautakunta):<\/strong> Tarjoaa ohjeita ja tietoa vastuullisesta pelaamisesta Viron pelaajille.<\/li>\n        <li><strong>Kansalaisj\u00e4rjest\u00f6jen peliriippuvuusneuvonta:<\/strong> Voittoa tavoittelematon j\u00e4rjest\u00f6, joka tarjoaa neuvontaa ja tukea ongelmapelaajille Virossa.<\/li>\n        <li><strong>Mielenterveysalan ammattilaiset:<\/strong> Monet virolaiset psykologit ja psykologit ovat erikoistuneet k\u00e4ytt\u00e4ytymisriippuvuuksien, my\u00f6s peliriippuvuuksien, hoitoon.<\/li>\n    <\/ul>\n    <p>Avun hakeminen on merkki vahvuudesta, ei heikkoudesta. Kuten viroksi sanotaan: \"Se, joka ei muista menneisyytt\u00e4, el\u00e4\u00e4 ilman tulevaisuutta.\"<\/p>\n\n    <h2>Loppusanat: Vastuullisen pelaajan etu<\/h2>\n    <p>CasinoRoyale.ee uskoo, ett\u00e4 nettipelaamisen pit\u00e4isi tuottaa iloa, ei stressi\u00e4. Ottamalla k\u00e4ytt\u00f6\u00f6n vastuullisia pelik\u00e4yt\u00e4nt\u00f6j\u00e4 et vain suojaa lompakkoasi - parannat pelikokemustasi.<\/p>\n    <p>Uhkapelaaminen on hauskinta silloin, kun se pysyy pelin\u00e4. Kun panokset nousevat liian korkeiksi (emotionaalisesti tai taloudellisesti), j\u00e4nnitys katoaa nopeammin kuin huono tappio pokerissa. Pysy tasapainossa, panosta viisaasti ja pid\u00e4 hauskuus yll\u00e4!<\/p>","protected":false},"excerpt":{"rendered":"<p>Vastutustundlik M\u00e4ngimine CasinoRoyale.ee-ga Veebikasiinos m\u00e4ngimine on p\u00f5nev. Hetk, mil slotirullid keerlevad, kaardid jagatakse v\u00f5i panus kinnitatakse \u2013 see on p\u00f5nevus, mida tuhanded eestlased avastavad. Kuid sarnaselt lisaklaasi Vana Tallinnaga Jaanip\u00e4eva t\u00e4histamisel v\u00f5ib liigne hasartm\u00e4ng kiiresti muutuda l\u00f5busast probleemseks! Meie, CasinoRoyale.ee, ei ole siin, et teile loenguid pidada v\u00f5i v\u00e4ita, et veebihasartm\u00e4ngud on keelatud. Vastupidi! Eesti [&hellip;]<\/p>","protected":false},"author":1,"featured_media":0,"parent":0,"menu_order":0,"comment_status":"closed","ping_status":"closed","template":"","meta":{"footnotes":""},"class_list":["post-2674","page","type-page","status-publish","hentry"],"aioseo_notices":[],"_links":{"self":[{"href":"https:\/\/casinoroyale.ee\/fi\/wp-json\/wp\/v2\/pages\/2674","targetHints":{"allow":["GET"]}}],"collection":[{"href":"https:\/\/casinoroyale.ee\/fi\/wp-json\/wp\/v2\/pages"}],"about":[{"href":"https:\/\/casinoroyale.ee\/fi\/wp-json\/wp\/v2\/types\/page"}],"author":[{"embeddable":true,"href":"https:\/\/casinoroyale.ee\/fi\/wp-json\/wp\/v2\/users\/1"}],"replies":[{"embeddable":true,"href":"https:\/\/casinoroyale.ee\/fi\/wp-json\/wp\/v2\/comments?post=2674"}],"version-history":[{"count":1,"href":"https:\/\/casinoroyale.ee\/fi\/wp-json\/wp\/v2\/pages\/2674\/revisions"}],"predecessor-version":[{"id":3104,"href":"https:\/\/casinoroyale.ee\/fi\/wp-json\/wp\/v2\/pages\/2674\/revisions\/3104"}],"wp:attachment":[{"href":"https:\/\/casinoroyale.ee\/fi\/wp-json\/wp\/v2\/media?parent=2674"}],"curies":[{"name":"wp","href":"https:\/\/api.w.org\/{rel}","templated":true}]}}